{"id":546,"date":"2016-02-21T13:32:50","date_gmt":"2016-02-21T12:32:50","guid":{"rendered":"http:\/\/www.antikekunst.org\/wp\/?page_id=546&#038;lang=fr"},"modified":"2024-10-04T18:25:08","modified_gmt":"2024-10-04T16:25:08","slug":"donations","status":"publish","type":"page","link":"https:\/\/www.antikekunst.org\/fr\/lassociation\/donations\/","title":{"rendered":"Donations et subsides"},"content":{"rendered":"<p>ANTIKE KUNST est publi\u00e9 avec le soutien de :<\/p>\n<p>Acad\u00e9mie suisse des sciences humaines et sociales (ASSH) \/ Schweizerische Akademie der Geistes- und Sozialwissenschaften (SAGW)<\/p>\n<p>Ceramica-Stiftung, Basel<\/p>\n<p>Dr. Barbara L. Begelsbacher, Basel<br \/>\nFranziska Saager-Ro\u0161, Z\u00fcrich<br \/>\nDr. Peter Steinmann, Binningen<br \/>\nUBS AG Basel<\/p>\n<p>Dreyfus S\u00f6hne &amp; Cie AG, Banquiers, Basel<br \/>\nDr. Annemarie Kaufmann-Heinimann, Basel<\/p>\n","protected":false},"excerpt":{"rendered":"<p>ANTIKE KUNST est publi\u00e9 avec le soutien de : Acad\u00e9mie suisse des sciences humaines et sociales (ASSH) \/ Schweizerische Akademie der Geistes- und Sozialwissenschaften (SAGW) Ceramica-Stiftung, Basel Dr. Barbara L. Begelsbacher, Basel Franziska Saager-Ro\u0161, Z\u00fcrich Dr. Peter Steinmann, Binningen UBS AG Basel Dreyfus S\u00f6hne &amp; Cie AG, Banquiers, Basel Dr. Annemarie Kaufmann-Heinimann, Basel<\/p>\n","protected":false},"author":1,"featured_media":0,"parent":362,"menu_order":0,"comment_status":"closed","ping_status":"closed","template":"","meta":{"footnotes":""},"class_list":["post-546","page","type-page","status-publish","hentry"],"_links":{"self":[{"href":"https:\/\/www.antikekunst.org\/fr\/wp-json\/wp\/v2\/pages\/546","targetHints":{"allow":["GET"]}}],"collection":[{"href":"https:\/\/www.antikekunst.org\/fr\/wp-json\/wp\/v2\/pages"}],"about":[{"href":"https:\/\/www.antikekunst.org\/fr\/wp-json\/wp\/v2\/types\/page"}],"author":[{"embeddable":true,"href":"https:\/\/www.antikekunst.org\/fr\/wp-json\/wp\/v2\/users\/1"}],"replies":[{"embeddable":true,"href":"https:\/\/www.antikekunst.org\/fr\/wp-json\/wp\/v2\/comments?post=546"}],"version-history":[{"count":0,"href":"https:\/\/www.antikekunst.org\/fr\/wp-json\/wp\/v2\/pages\/546\/revisions"}],"up":[{"embeddable":true,"href":"https:\/\/www.antikekunst.org\/fr\/wp-json\/wp\/v2\/pages\/362"}],"wp:attachment":[{"href":"https:\/\/www.antikekunst.org\/fr\/wp-json\/wp\/v2\/media?parent=546"}],"curies":[{"name":"wp","href":"https:\/\/api.w.org\/{rel}","templated":true}]}}