{"id":483,"date":"2016-02-15T18:25:34","date_gmt":"2016-02-15T17:25:34","guid":{"rendered":"http:\/\/www.antikekunst.org\/wp\/?page_id=483&#038;lang=fr"},"modified":"2016-02-21T16:05:45","modified_gmt":"2016-02-21T15:05:45","slug":"sektion-genf","status":"publish","type":"page","link":"https:\/\/www.antikekunst.org\/fr\/lassociation\/sections\/sektion-genf\/","title":{"rendered":"Section de Gen\u00e8ve"},"content":{"rendered":"<p>La section gen\u00e8voise de l&rsquo;Association des amis de l&rsquo;art antique coop\u00e8re \u00e9troitement avec l&rsquo;AGeAC, Association genevoise d&rsquo;arch\u00e9ologie classique, et elle s&rsquo;est donn\u00e9 pour t\u00e2che de regrouper tous ceux qui s&rsquo;int\u00e9ressent \u00e0 l&rsquo;arch\u00e9ologie et aux civilisations grecques et romaines.<\/p>\n<p>Soucieuse de constituer un lieu d&rsquo;\u00e9change entre l&rsquo;Universit\u00e9 et la Cit\u00e9, elle r\u00e9unit chercheurs, \u00e9tudiants et grand public et organise chaque mois une manifestation: conf\u00e9rence, visite guid\u00e9e, excursion, journ\u00e9e d&rsquo;\u00e9tude, en parall\u00e8le avec l&rsquo;ann\u00e9e universitaire.<\/p>\n<p><strong>Liste des institutions partenaires de l&rsquo;AGeAC:<\/strong><br \/>\n&#8211; Unit\u00e9 d&rsquo;arch\u00e9ologie classique (Universit\u00e9 de Gen\u00e8ve)<br \/>\n&#8211; D\u00e9partement d&rsquo;arch\u00e9ologie du Mus\u00e9e d&rsquo;Art et d&rsquo;Histoire de Gen\u00e8ve<br \/>\n&#8211; Association des \u00e9tudiants en arch\u00e9ologie classique (Universit\u00e9 de Gen\u00e8ve)<\/p>\n<p><strong>Pour plus d&rsquo;informations pri\u00e8re de s&rsquo;adresser \u00e0<br \/>\n<\/strong>Unit\u00e9 d&rsquo;arch\u00e9ologie classique<br \/>\nD\u00e9partement des Sciences de l&rsquo;Antiquit\u00e9<br \/>\nUni-Bastions<br \/>\n1211 Gen\u00e8ve 4<br \/>\nT\u00e9l. +41 (0)22 379 70 33<br \/>\nFax +41 (0) 22 379 79 32<br \/>\n<a href=\"mailto:lorenz.baumer@unige.ch\">lorenz.baumer@unige.ch<\/a><\/p>\n<p>&nbsp;<\/p>\n","protected":false},"excerpt":{"rendered":"<p>La section gen\u00e8voise de l&rsquo;Association des amis de l&rsquo;art antique coop\u00e8re \u00e9troitement avec l&rsquo;AGeAC, Association genevoise d&rsquo;arch\u00e9ologie classique, et elle s&rsquo;est donn\u00e9 pour t\u00e2che de regrouper tous ceux qui s&rsquo;int\u00e9ressent \u00e0 l&rsquo;arch\u00e9ologie et aux civilisations grecques et romaines. Soucieuse de constituer un lieu d&rsquo;\u00e9change entre l&rsquo;Universit\u00e9 et la Cit\u00e9, elle r\u00e9unit chercheurs, \u00e9tudiants et grand &hellip; <a href=\"https:\/\/www.antikekunst.org\/fr\/lassociation\/sections\/sektion-genf\/\" class=\"more-link\">Continue reading<span class=\"screen-reader-text\"> \u00ab\u00a0Section de Gen\u00e8ve\u00a0\u00bb<\/span><\/a><\/p>\n","protected":false},"author":1,"featured_media":1904,"parent":1407,"menu_order":0,"comment_status":"closed","ping_status":"closed","template":"","meta":{"footnotes":""},"class_list":["post-483","page","type-page","status-publish","has-post-thumbnail","hentry"],"_links":{"self":[{"href":"https:\/\/www.antikekunst.org\/fr\/wp-json\/wp\/v2\/pages\/483","targetHints":{"allow":["GET"]}}],"collection":[{"href":"https:\/\/www.antikekunst.org\/fr\/wp-json\/wp\/v2\/pages"}],"about":[{"href":"https:\/\/www.antikekunst.org\/fr\/wp-json\/wp\/v2\/types\/page"}],"author":[{"embeddable":true,"href":"https:\/\/www.antikekunst.org\/fr\/wp-json\/wp\/v2\/users\/1"}],"replies":[{"embeddable":true,"href":"https:\/\/www.antikekunst.org\/fr\/wp-json\/wp\/v2\/comments?post=483"}],"version-history":[{"count":0,"href":"https:\/\/www.antikekunst.org\/fr\/wp-json\/wp\/v2\/pages\/483\/revisions"}],"up":[{"embeddable":true,"href":"https:\/\/www.antikekunst.org\/fr\/wp-json\/wp\/v2\/pages\/1407"}],"wp:featuredmedia":[{"embeddable":true,"href":"https:\/\/www.antikekunst.org\/fr\/wp-json\/wp\/v2\/media\/1904"}],"wp:attachment":[{"href":"https:\/\/www.antikekunst.org\/fr\/wp-json\/wp\/v2\/media?parent=483"}],"curies":[{"name":"wp","href":"https:\/\/api.w.org\/{rel}","templated":true}]}}