{"id":476,"date":"2016-02-15T18:20:52","date_gmt":"2016-02-15T17:20:52","guid":{"rendered":"http:\/\/www.antikekunst.org\/wp\/?page_id=476&#038;lang=fr"},"modified":"2020-11-13T11:48:36","modified_gmt":"2020-11-13T10:48:36","slug":"section-de-lausanne","status":"publish","type":"page","link":"https:\/\/www.antikekunst.org\/fr\/lassociation\/sections\/section-de-lausanne\/","title":{"rendered":"Section de Lausanne"},"content":{"rendered":"<p>La section lausannoise collabore activement avec d&rsquo;autres associations, comme par exemple le Cercle vaudois d&rsquo;Arch\u00e9ologie ou les Amiti\u00e9s Gr\u00e9co-suisses.<\/p>\n<p>Les professeurs \u00e0 l&rsquo;Institut d&rsquo;arch\u00e9ologie et d&rsquo;histoire ancienne de l&rsquo;Universit\u00e9 de Lausanne participent \u00e0 cette animation culturelle et font b\u00e9n\u00e9ficier les membres de l&rsquo;Association de leurs activit\u00e9s scientifiques diverses dans l&rsquo;id\u00e9e de faciliter les \u00e9changes et la communication entre tous les milieux int\u00e9ress\u00e9s.<\/p>\n<p>Pour tous renseignements s&rsquo;adresser au<\/p>\n<p><strong>Professeur Sylvian Fachard<\/strong><br \/>\nUniversit\u00e9 de Lausanne<br \/>\nInstitut d&rsquo;arch\u00e9ologie et des sciences de l&rsquo;Antiquit\u00e9 (IASA)<br \/>\nQuartier UNIL-Dorigny<br \/>\nB\u00e2timent Anthropole 4011<br \/>\nCH-1015\u00a0Lausanne<br \/>\nTel.:\u00a0+41 21 692 38 81<br \/>\n<a href=\"mailto:sylvian.fachard@unil.ch\">sylvian.fachard@unil.ch<\/a><\/p>\n","protected":false},"excerpt":{"rendered":"<p>La section lausannoise collabore activement avec d&rsquo;autres associations, comme par exemple le Cercle vaudois d&rsquo;Arch\u00e9ologie ou les Amiti\u00e9s Gr\u00e9co-suisses. Les professeurs \u00e0 l&rsquo;Institut d&rsquo;arch\u00e9ologie et d&rsquo;histoire ancienne de l&rsquo;Universit\u00e9 de Lausanne participent \u00e0 cette animation culturelle et font b\u00e9n\u00e9ficier les membres de l&rsquo;Association de leurs activit\u00e9s scientifiques diverses dans l&rsquo;id\u00e9e de faciliter les \u00e9changes et &hellip; <a href=\"https:\/\/www.antikekunst.org\/fr\/lassociation\/sections\/section-de-lausanne\/\" class=\"more-link\">Continue reading<span class=\"screen-reader-text\"> \u00ab\u00a0Section de Lausanne\u00a0\u00bb<\/span><\/a><\/p>\n","protected":false},"author":1,"featured_media":0,"parent":1407,"menu_order":0,"comment_status":"closed","ping_status":"closed","template":"","meta":{"footnotes":""},"class_list":["post-476","page","type-page","status-publish","hentry"],"_links":{"self":[{"href":"https:\/\/www.antikekunst.org\/fr\/wp-json\/wp\/v2\/pages\/476","targetHints":{"allow":["GET"]}}],"collection":[{"href":"https:\/\/www.antikekunst.org\/fr\/wp-json\/wp\/v2\/pages"}],"about":[{"href":"https:\/\/www.antikekunst.org\/fr\/wp-json\/wp\/v2\/types\/page"}],"author":[{"embeddable":true,"href":"https:\/\/www.antikekunst.org\/fr\/wp-json\/wp\/v2\/users\/1"}],"replies":[{"embeddable":true,"href":"https:\/\/www.antikekunst.org\/fr\/wp-json\/wp\/v2\/comments?post=476"}],"version-history":[{"count":0,"href":"https:\/\/www.antikekunst.org\/fr\/wp-json\/wp\/v2\/pages\/476\/revisions"}],"up":[{"embeddable":true,"href":"https:\/\/www.antikekunst.org\/fr\/wp-json\/wp\/v2\/pages\/1407"}],"wp:attachment":[{"href":"https:\/\/www.antikekunst.org\/fr\/wp-json\/wp\/v2\/media?parent=476"}],"curies":[{"name":"wp","href":"https:\/\/api.w.org\/{rel}","templated":true}]}}