{"id":469,"date":"2016-02-15T18:16:39","date_gmt":"2016-02-15T17:16:39","guid":{"rendered":"http:\/\/www.antikekunst.org\/wp\/?page_id=469&#038;lang=fr"},"modified":"2024-10-25T13:21:01","modified_gmt":"2024-10-25T11:21:01","slug":"regional-group-of-zurich","status":"publish","type":"page","link":"https:\/\/www.antikekunst.org\/fr\/lassociation\/sections\/regional-group-of-zurich\/","title":{"rendered":"Section Zurich"},"content":{"rendered":"\n<p>The Regional Group of Zurich, together with the Archaeological Insitute of the University, organises lectures for professional archaeologists as well as amateurs. They are normally held in the lecture hall of the Archaeological Institute on Mondays at 6.15 p.m.<\/p>\n\n\n\n<p>Head of the Institute and the Regional Group:<br><strong>Prof. Dr. Corinna Reinhardt<\/strong><br>Institut f\u00fcr Arch\u00e4ologie<br>Fachbereich Klassische Arch\u00e4ologie<br>Universit\u00e4t Z\u00fcrich<br>R\u00e4mistrasse 73<br>8006 Z\u00fcrich<br>Tel. +41 1 634 28 11<br>Fax. +41 1 634 49 02<\/p>\n\n\n\n<hr class=\"wp-block-separator has-alpha-channel-opacity\"\/>\n\n\n\n<p>The Archaeological Collection forms part of the Archaeological Institute. It conserves original works of art as well as plaster casts. Free admittance.<\/p>\n\n\n\n<p>Arch\u00e4ologische Sammlung der Universit\u00e4t Z\u00fcrich<br>Martin B\u00fcrge, Kurator Arch\u00e4ologische Sammlung<br>R\u00e4mistrasse 73<br>CH-8006 Z\u00fcrich<\/p>\n\n\n\n<p>Tel. +41 (0)44 634 28 20<br>E-mail: <a href=\"mailto:martin.buerge@archinst.uzh.ch\" target=\"_blank\" rel=\"noopener\">martin.buerge@archinst.uzh.ch<\/a><\/p>\n\n\n\n<p>Opening hours:<br>Tuesday till Friday from 1 to 6 p.m.<br>Saturday and Sunday from 11 a.m. to 5 p.m.<br>Free admittance<br><a href=\"http:\/\/www.archinst.uzh.ch\" target=\"_blank\" rel=\"noopener\">www.archinst.uzh.ch<\/a><\/p>\n\n\n\n<p>The library of the Archaeological Institute is accessible to the general public for in-house consultation. External readers should address themselves to the secretary or the library assistant..<\/p>\n\n\n\n<p>A list of the publications of the Archaeological Institute is provided upon request. They are also available at the Museum entrance.<\/p>\n","protected":false},"excerpt":{"rendered":"<p>The Regional Group of Zurich, together with the Archaeological Insitute of the University, organises lectures for professional archaeologists as well as amateurs. They are normally held in the lecture hall of the Archaeological Institute on Mondays at 6.15 p.m. Head of the Institute and the Regional Group:Prof. Dr. Corinna ReinhardtInstitut f\u00fcr Arch\u00e4ologieFachbereich Klassische Arch\u00e4ologieUniversit\u00e4t Z\u00fcrichR\u00e4mistrasse &hellip; <a href=\"https:\/\/www.antikekunst.org\/fr\/lassociation\/sections\/regional-group-of-zurich\/\" class=\"more-link\">Continue reading<span class=\"screen-reader-text\"> \u00ab\u00a0Section Zurich\u00a0\u00bb<\/span><\/a><\/p>\n","protected":false},"author":1,"featured_media":1869,"parent":1407,"menu_order":0,"comment_status":"closed","ping_status":"closed","template":"","meta":{"footnotes":""},"class_list":["post-469","page","type-page","status-publish","has-post-thumbnail","hentry"],"_links":{"self":[{"href":"https:\/\/www.antikekunst.org\/fr\/wp-json\/wp\/v2\/pages\/469","targetHints":{"allow":["GET"]}}],"collection":[{"href":"https:\/\/www.antikekunst.org\/fr\/wp-json\/wp\/v2\/pages"}],"about":[{"href":"https:\/\/www.antikekunst.org\/fr\/wp-json\/wp\/v2\/types\/page"}],"author":[{"embeddable":true,"href":"https:\/\/www.antikekunst.org\/fr\/wp-json\/wp\/v2\/users\/1"}],"replies":[{"embeddable":true,"href":"https:\/\/www.antikekunst.org\/fr\/wp-json\/wp\/v2\/comments?post=469"}],"version-history":[{"count":0,"href":"https:\/\/www.antikekunst.org\/fr\/wp-json\/wp\/v2\/pages\/469\/revisions"}],"up":[{"embeddable":true,"href":"https:\/\/www.antikekunst.org\/fr\/wp-json\/wp\/v2\/pages\/1407"}],"wp:featuredmedia":[{"embeddable":true,"href":"https:\/\/www.antikekunst.org\/fr\/wp-json\/wp\/v2\/media\/1869"}],"wp:attachment":[{"href":"https:\/\/www.antikekunst.org\/fr\/wp-json\/wp\/v2\/media?parent=469"}],"curies":[{"name":"wp","href":"https:\/\/api.w.org\/{rel}","templated":true}]}}