{"id":461,"date":"2016-02-15T16:32:00","date_gmt":"2016-02-15T15:32:00","guid":{"rendered":"http:\/\/www.antikekunst.org\/wp\/?page_id=461&#038;lang=fr"},"modified":"2016-02-15T16:32:00","modified_gmt":"2016-02-15T15:32:00","slug":"section-de-fribourg","status":"publish","type":"page","link":"https:\/\/www.antikekunst.org\/fr\/lassociation\/sections\/section-de-fribourg\/","title":{"rendered":"Section de Fribourg"},"content":{"rendered":"<p>Le Cercle fribourgeois des Amis de l&rsquo;art antique, cr\u00e9\u00e9 en 1978, r\u00e9unit les arch\u00e9ologues classiques, les \u00e9tudiants en arch\u00e9ologie classique et les amateurs de l&rsquo;art et de la civilisation gr\u00e9co-romaine de la r\u00e9gion de Fribourg. Le centre d&rsquo;activit\u00e9 est \u00e9troitement li\u00e9 \u00e0 la chaire d&rsquo;arch\u00e9ologie classique de l&rsquo;Universit\u00e9, dirig\u00e9e pendant plus de 30 ans par Madame le Professeur Lilly Kahil. Actuellement, l&rsquo;enseignement est assur\u00e9 par Jean-Robert Gisler, privat docent et Clemens Krause, professeur invit\u00e9. Activit\u00e9s : conf\u00e9rences, visites guid\u00e9es d&rsquo;expositions, excursions.<\/p>\n<p>Pr\u00e9sident et responsable:<br \/>\n<strong>Priv. doc. Dr. Jean-Robert Gisler<\/strong><br \/>\nS\u00e9minaire d&rsquo;arch\u00e9ologie classique<br \/>\nUniversit\u00e9<br \/>\nRue Pierre-Aeby 16<br \/>\n1700 Fribourg<br \/>\nt\u00e9l. 026 300 78 30<br \/>\nfax 026 300 97 14<br \/>\n<a href=\"mailto:jean-robert.gisler@unifr.ch\">jean-robert.gisler@unifr.ch<\/a><\/p>\n<p><a title=\"Mus\u00e9e d'art et d'histoire\" href=\"http:\/\/www.fr.ch\/mahf\/\" target=\"_blank\">Mus\u00e9e d&rsquo;art et d&rsquo;histoire<\/a><br \/>\nRue de Morat 12<br \/>\n1700 Fribourg<br \/>\nt\u00e9l.\u00a0 026 305 51 40<br \/>\nfax\u00a0 026 305 51 41<\/p>\n<p>&nbsp;<\/p>\n","protected":false},"excerpt":{"rendered":"<p>Le Cercle fribourgeois des Amis de l&rsquo;art antique, cr\u00e9\u00e9 en 1978, r\u00e9unit les arch\u00e9ologues classiques, les \u00e9tudiants en arch\u00e9ologie classique et les amateurs de l&rsquo;art et de la civilisation gr\u00e9co-romaine de la r\u00e9gion de Fribourg. Le centre d&rsquo;activit\u00e9 est \u00e9troitement li\u00e9 \u00e0 la chaire d&rsquo;arch\u00e9ologie classique de l&rsquo;Universit\u00e9, dirig\u00e9e pendant plus de 30 ans par &hellip; <a href=\"https:\/\/www.antikekunst.org\/fr\/lassociation\/sections\/section-de-fribourg\/\" class=\"more-link\">Continue reading<span class=\"screen-reader-text\"> \u00ab\u00a0Section de Fribourg\u00a0\u00bb<\/span><\/a><\/p>\n","protected":false},"author":1,"featured_media":2289,"parent":1407,"menu_order":0,"comment_status":"closed","ping_status":"closed","template":"","meta":{"footnotes":""},"class_list":["post-461","page","type-page","status-publish","has-post-thumbnail","hentry"],"_links":{"self":[{"href":"https:\/\/www.antikekunst.org\/fr\/wp-json\/wp\/v2\/pages\/461","targetHints":{"allow":["GET"]}}],"collection":[{"href":"https:\/\/www.antikekunst.org\/fr\/wp-json\/wp\/v2\/pages"}],"about":[{"href":"https:\/\/www.antikekunst.org\/fr\/wp-json\/wp\/v2\/types\/page"}],"author":[{"embeddable":true,"href":"https:\/\/www.antikekunst.org\/fr\/wp-json\/wp\/v2\/users\/1"}],"replies":[{"embeddable":true,"href":"https:\/\/www.antikekunst.org\/fr\/wp-json\/wp\/v2\/comments?post=461"}],"version-history":[{"count":0,"href":"https:\/\/www.antikekunst.org\/fr\/wp-json\/wp\/v2\/pages\/461\/revisions"}],"up":[{"embeddable":true,"href":"https:\/\/www.antikekunst.org\/fr\/wp-json\/wp\/v2\/pages\/1407"}],"wp:featuredmedia":[{"embeddable":true,"href":"https:\/\/www.antikekunst.org\/fr\/wp-json\/wp\/v2\/media\/2289"}],"wp:attachment":[{"href":"https:\/\/www.antikekunst.org\/fr\/wp-json\/wp\/v2\/media?parent=461"}],"curies":[{"name":"wp","href":"https:\/\/api.w.org\/{rel}","templated":true}]}}