{"id":436,"date":"2016-02-15T15:16:20","date_gmt":"2016-02-15T14:16:20","guid":{"rendered":"http:\/\/www.antikekunst.org\/wp\/?page_id=436&#038;lang=fr"},"modified":"2024-10-25T13:08:37","modified_gmt":"2024-10-25T11:08:37","slug":"section-de-bale","status":"publish","type":"page","link":"https:\/\/www.antikekunst.org\/fr\/lassociation\/sections\/section-de-bale\/","title":{"rendered":"Section de B\u00e2le"},"content":{"rendered":"<p>La section de B\u00e2le, en collaboration avec l&rsquo;Institut d&rsquo;arch\u00e9ologie de l&rsquo;Universit\u00e9, organise r\u00e9guli\u00e8rement des conf\u00e9rences d&rsquo;arch\u00e9ologues renomm\u00e9s ainsi que d&rsquo;autres activit\u00e9s. Elle est \u00e9troitement li\u00e9e au Mus\u00e9e d&rsquo;antiquit\u00e9s et Collection Ludwig de B\u00e2le, qui offre aux membres de l&rsquo;Association l&rsquo;entr\u00e9e gratuite \u00e0 l&rsquo;exposition permanente.<\/p>\n<p>Directeur de la section et de l&rsquo;Institut:<\/p>\n<p><strong>Prof. Dr. Martin Guggisberg<\/strong><br \/>\nUniversit\u00e4t Basel<br \/>\nDepartement Altertumswissenschaften<br \/>\nKlassische Arch\u00e4ologie<br \/>\nPetersgraben 51<br \/>\nCH-4051 B\u00e2le \/ Suisse<\/p>\n<p>Secr\u00e9tariat:\u00a0 Lucia Massa<br \/>\nTel. +41 61 267 30 63<br \/>\nFax. +41 61 207 27 71<br \/>\n<a href=\"mailto:lucia.massa@unibas.ch\">lucia.massa@unibas.ch<\/a><\/p>\n<p><a href=\"http:\/\/daw.philhist.unibas.ch\" target=\"_blank\" rel=\"noopener\">http:\/\/daw.philhist.unibas.ch<\/a><\/p>\n","protected":false},"excerpt":{"rendered":"<p>La section de B\u00e2le, en collaboration avec l&rsquo;Institut d&rsquo;arch\u00e9ologie de l&rsquo;Universit\u00e9, organise r\u00e9guli\u00e8rement des conf\u00e9rences d&rsquo;arch\u00e9ologues renomm\u00e9s ainsi que d&rsquo;autres activit\u00e9s. Elle est \u00e9troitement li\u00e9e au Mus\u00e9e d&rsquo;antiquit\u00e9s et Collection Ludwig de B\u00e2le, qui offre aux membres de l&rsquo;Association l&rsquo;entr\u00e9e gratuite \u00e0 l&rsquo;exposition permanente. Directeur de la section et de l&rsquo;Institut: Prof. Dr. Martin Guggisberg &hellip; <a href=\"https:\/\/www.antikekunst.org\/fr\/lassociation\/sections\/section-de-bale\/\" class=\"more-link\">Continue reading<span class=\"screen-reader-text\"> \u00ab\u00a0Section de B\u00e2le\u00a0\u00bb<\/span><\/a><\/p>\n","protected":false},"author":1,"featured_media":1861,"parent":1407,"menu_order":0,"comment_status":"closed","ping_status":"closed","template":"","meta":{"footnotes":""},"class_list":["post-436","page","type-page","status-publish","has-post-thumbnail","hentry"],"_links":{"self":[{"href":"https:\/\/www.antikekunst.org\/fr\/wp-json\/wp\/v2\/pages\/436","targetHints":{"allow":["GET"]}}],"collection":[{"href":"https:\/\/www.antikekunst.org\/fr\/wp-json\/wp\/v2\/pages"}],"about":[{"href":"https:\/\/www.antikekunst.org\/fr\/wp-json\/wp\/v2\/types\/page"}],"author":[{"embeddable":true,"href":"https:\/\/www.antikekunst.org\/fr\/wp-json\/wp\/v2\/users\/1"}],"replies":[{"embeddable":true,"href":"https:\/\/www.antikekunst.org\/fr\/wp-json\/wp\/v2\/comments?post=436"}],"version-history":[{"count":0,"href":"https:\/\/www.antikekunst.org\/fr\/wp-json\/wp\/v2\/pages\/436\/revisions"}],"up":[{"embeddable":true,"href":"https:\/\/www.antikekunst.org\/fr\/wp-json\/wp\/v2\/pages\/1407"}],"wp:featuredmedia":[{"embeddable":true,"href":"https:\/\/www.antikekunst.org\/fr\/wp-json\/wp\/v2\/media\/1861"}],"wp:attachment":[{"href":"https:\/\/www.antikekunst.org\/fr\/wp-json\/wp\/v2\/media?parent=436"}],"curies":[{"name":"wp","href":"https:\/\/api.w.org\/{rel}","templated":true}]}}