{"id":2557,"date":"2016-06-21T11:47:38","date_gmt":"2016-06-21T10:47:38","guid":{"rendered":"http:\/\/www.antikekunst.org\/les-publications\/die-grabungsberichte\/kataliontas-kourvellos-cy\/?lang=fr"},"modified":"2024-10-26T14:47:18","modified_gmt":"2024-10-26T12:47:18","slug":"kataliontas-kourvellos-cy","status":"publish","type":"page","link":"https:\/\/www.antikekunst.org\/fr\/les-publications\/die-grabungsberichte\/weitere-grabungen\/kataliontas-kourvellos-cy\/","title":{"rendered":"Kataliontas-Kourvellos (CY)"},"content":{"rendered":"\n<div class=\"wp-block-group has-border-color has-accent-border-color is-layout-flow wp-block-group-is-layout-flow\" style=\"border-width:1px;margin-top:var(--wp--preset--spacing--10);margin-bottom:var(--wp--preset--spacing--30);padding-top:var(--wp--preset--spacing--20);padding-right:var(--wp--preset--spacing--20);padding-bottom:var(--wp--preset--spacing--20);padding-left:var(--wp--preset--spacing--20)\">\n<h3 class=\"wp-block-heading\"><a href=\"https:\/\/www.antikekunst.org\/publikationen\/die-grabungsberichte\/downloads\/\">Rapports des fouilles (download pdf) \u279d<\/a><\/h3>\n\n\n\n<p class=\"has-small-font-size\">Pour le t\u00e9l\u00e9chargement des l\u2019articles nous vous prions de\u00a0vous connecter ou vous inscrire. Vous pouvez t\u00e9l\u00e9charger gratuitement les rapports de fouilles. Si vous avez besoin de r\u00e9solutions plus \u00e9lev\u00e9es, n&rsquo;h\u00e9sitez pas \u00e0 nous contacter : <a href=\"mailto:publisher@antikekunst.ch\">publisher@antikekunst.ch<\/a>.<\/p>\n<\/div>\n\n\n\n<p><\/p>\n","protected":false},"excerpt":{"rendered":"","protected":false},"author":1,"featured_media":0,"parent":3641,"menu_order":0,"comment_status":"closed","ping_status":"closed","template":"","meta":{"footnotes":""},"class_list":["post-2557","page","type-page","status-publish","hentry"],"_links":{"self":[{"href":"https:\/\/www.antikekunst.org\/fr\/wp-json\/wp\/v2\/pages\/2557","targetHints":{"allow":["GET"]}}],"collection":[{"href":"https:\/\/www.antikekunst.org\/fr\/wp-json\/wp\/v2\/pages"}],"about":[{"href":"https:\/\/www.antikekunst.org\/fr\/wp-json\/wp\/v2\/types\/page"}],"author":[{"embeddable":true,"href":"https:\/\/www.antikekunst.org\/fr\/wp-json\/wp\/v2\/users\/1"}],"replies":[{"embeddable":true,"href":"https:\/\/www.antikekunst.org\/fr\/wp-json\/wp\/v2\/comments?post=2557"}],"version-history":[{"count":0,"href":"https:\/\/www.antikekunst.org\/fr\/wp-json\/wp\/v2\/pages\/2557\/revisions"}],"up":[{"embeddable":true,"href":"https:\/\/www.antikekunst.org\/fr\/wp-json\/wp\/v2\/pages\/3641"}],"wp:attachment":[{"href":"https:\/\/www.antikekunst.org\/fr\/wp-json\/wp\/v2\/media?parent=2557"}],"curies":[{"name":"wp","href":"https:\/\/api.w.org\/{rel}","templated":true}]}}