{"id":2500,"date":"2016-03-04T21:46:49","date_gmt":"2016-03-04T20:46:49","guid":{"rendered":"http:\/\/www.antikekunst.org\/lassociation\/vorstand\/?lang=fr"},"modified":"2025-11-27T10:27:45","modified_gmt":"2025-11-27T09:27:45","slug":"vorstand","status":"publish","type":"page","link":"https:\/\/www.antikekunst.org\/fr\/lassociation\/vorstand\/","title":{"rendered":"Comit\u00e9"},"content":{"rendered":"\n<h3 class=\"wp-block-heading\" id=\"membres-du-comite-2016\">Membres du comit\u00e9 2025<\/h3>\n\n\n\n<figure class=\"wp-block-table\"><table><tbody><tr><td>Elena Mango<\/td><td>Pr\u00e9sidente et directrice Section Berne &#8211; Bienne \u2013 Soleure<\/td><\/tr><tr><td>Sylvian Fachard<\/td><td>Questeur et directeur Section Lausanne<\/td><\/tr><tr><td>Lorenz Baumer<\/td><td>Section Gen\u00e8ve<\/td><\/tr><tr><td>Jean-Robert Gisler<\/td><td>Section Fribourg<\/td><\/tr><tr><td>Martin Guggisberg<\/td><td>Section B\u00e2le<\/td><\/tr><tr><td>Corinna Reinhardt<\/td><td>Section Zurich<\/td><\/tr><tr><td>Danielle Wieland-Leibundgut<\/td><td><\/td><\/tr><tr><td>Doris W\u00f6rner<\/td><td>Administration<\/td><\/tr><tr><td>&nbsp;<\/td><td>&nbsp;<\/td><\/tr><\/tbody><\/table><\/figure>\n","protected":false},"excerpt":{"rendered":"<p>Membres du comit\u00e9 2025 Elena Mango Pr\u00e9sidente et directrice Section Berne &#8211; Bienne \u2013 Soleure Sylvian Fachard Questeur et directeur Section Lausanne Lorenz Baumer Section Gen\u00e8ve Jean-Robert Gisler Section Fribourg Martin Guggisberg Section B\u00e2le Corinna Reinhardt Section Zurich Danielle Wieland-Leibundgut Doris W\u00f6rner Administration &nbsp; &nbsp;<\/p>\n","protected":false},"author":1,"featured_media":1032,"parent":362,"menu_order":0,"comment_status":"closed","ping_status":"closed","template":"","meta":{"footnotes":""},"class_list":["post-2500","page","type-page","status-publish","has-post-thumbnail","hentry"],"_links":{"self":[{"href":"https:\/\/www.antikekunst.org\/fr\/wp-json\/wp\/v2\/pages\/2500","targetHints":{"allow":["GET"]}}],"collection":[{"href":"https:\/\/www.antikekunst.org\/fr\/wp-json\/wp\/v2\/pages"}],"about":[{"href":"https:\/\/www.antikekunst.org\/fr\/wp-json\/wp\/v2\/types\/page"}],"author":[{"embeddable":true,"href":"https:\/\/www.antikekunst.org\/fr\/wp-json\/wp\/v2\/users\/1"}],"replies":[{"embeddable":true,"href":"https:\/\/www.antikekunst.org\/fr\/wp-json\/wp\/v2\/comments?post=2500"}],"version-history":[{"count":2,"href":"https:\/\/www.antikekunst.org\/fr\/wp-json\/wp\/v2\/pages\/2500\/revisions"}],"predecessor-version":[{"id":9033,"href":"https:\/\/www.antikekunst.org\/fr\/wp-json\/wp\/v2\/pages\/2500\/revisions\/9033"}],"up":[{"embeddable":true,"href":"https:\/\/www.antikekunst.org\/fr\/wp-json\/wp\/v2\/pages\/362"}],"wp:featuredmedia":[{"embeddable":true,"href":"https:\/\/www.antikekunst.org\/fr\/wp-json\/wp\/v2\/media\/1032"}],"wp:attachment":[{"href":"https:\/\/www.antikekunst.org\/fr\/wp-json\/wp\/v2\/media?parent=2500"}],"curies":[{"name":"wp","href":"https:\/\/api.w.org\/{rel}","templated":true}]}}