{"id":1806,"date":"2016-03-04T14:16:28","date_gmt":"2016-03-04T13:16:28","guid":{"rendered":"http:\/\/www.antikekunst.org\/wp\/homepage-2\/?lang=fr"},"modified":"2025-02-23T15:40:42","modified_gmt":"2025-02-23T14:40:42","slug":"homepage-2","status":"publish","type":"page","link":"https:\/\/www.antikekunst.org\/fr\/","title":{"rendered":"Accueil"},"content":{"rendered":"\n<div class=\"wp-block-group has-global-padding is-layout-constrained wp-container-core-group-is-layout-854e469c wp-block-group-is-layout-constrained\" style=\"margin-top:0;margin-bottom:0;padding-right:0;padding-left:0\">\n<p class=\"contentheading\">Bienvenue sur le site de<\/p>\n<\/div>\n\n\n\n<h2 class=\"wp-block-heading has-body-font-family has-x-large-font-size\" style=\"letter-spacing:0.01em\">L&rsquo;ASSOCIATION DES AMIS DE L&rsquo;ART ANTIQUE<\/h2>\n\n\n\n<p>L&rsquo;Association des Amis de l&rsquo;Art antique diffuse aupr\u00e8s d&rsquo;un large public int\u00e9ress\u00e9 les connaissances les plus r\u00e9centes sur le monde antique ainsi que les r\u00e9sultats de fouilles arch\u00e9ologiques. Elle organise des conf\u00e9rences, des visites guid\u00e9es d&rsquo;expositions, des voyages et publie la revue Antike Kunst, revue d&rsquo;arch\u00e9ologie classique.<\/p>\n\n\n\n<p>En navigant sur notre site vous d\u00e9couvrirez les multiple facettes de nos activit\u00e9s.<\/p>\n\n\n\n<p><\/p>\n\n\n\n<hr class=\"wp-block-separator has-css-opacity\"\/>\n\n\n\n<h3 class=\"wp-block-heading\">Manifestations<\/h3>\n\n\n\n<div class=\"wp-block-group agenda-home is-layout-flow wp-block-group-is-layout-flow\"><div class=\"em em-view-container\" id=\"em-view-220031848\" data-view=\"list\">\r\n\t<div class=\"em pixelbones em-list em-events-list\" id=\"em-events-list-220031848\" data-view-id=\"220031848\">\r\n\t<\/p>\n<p><a href=\"https:\/\/www.antikekunst.org\/agenda\/curriculum-vitae-of-objects-2\/\">Curriculum Vitae of Objects<\/a>, 3. octobre 2025 - 22. mai 2026<\/p>\n<p><\/p>\n<p><a href=\"https:\/\/www.antikekunst.org\/agenda\/au-dela-des-recits-sur-la-colonisation-phenicienne\/\">\u00ab Au-del\u00e0 des r\u00e9cits sur la colonisation ph\u00e9nicienne \u00bb<\/a>, 11. mai 2026<\/p>\n<p><\/p>\n<p><a href=\"https:\/\/www.antikekunst.org\/agenda\/zypern-in-zeiten-des-umbruchs\/\">\u00ab Zypern in Zeiten des Umbruchs \u00bb<\/a>, 13. mai 2026<\/p>\n<p><\/p>\n<p><a href=\"https:\/\/www.antikekunst.org\/agenda\/herrscherstatuetten-im-hellenismus\/\">\u00abHerrscherstatuetten im Hellenismus\u00bb<\/a>, 18. mai 2026<\/p>\n<p><\/p>\n<p><a href=\"https:\/\/www.antikekunst.org\/agenda\/late-roman-villas-in-the-province-of-sicily-some-recent-results\/\">\u00ab Late Roman Villas in the Province of Sicily \u00bb<\/a>, 19. mai 2026<\/p>\n<p>\t<\/div>\r\n<\/div>\n<\/div>\n","protected":false},"excerpt":{"rendered":"<p>Bienvenue sur le site de L&rsquo;ASSOCIATION DES AMIS DE L&rsquo;ART ANTIQUE L&rsquo;Association des Amis de l&rsquo;Art antique diffuse aupr\u00e8s d&rsquo;un large public int\u00e9ress\u00e9 les connaissances les plus r\u00e9centes sur le monde antique ainsi que les r\u00e9sultats de fouilles arch\u00e9ologiques. Elle organise des conf\u00e9rences, des visites guid\u00e9es d&rsquo;expositions, des voyages et publie la revue Antike Kunst, &hellip; <a href=\"https:\/\/www.antikekunst.org\/fr\/\" class=\"more-link\">Continue reading<span class=\"screen-reader-text\"> \u00ab\u00a0Accueil\u00a0\u00bb<\/span><\/a><\/p>\n","protected":false},"author":1,"featured_media":0,"parent":0,"menu_order":0,"comment_status":"closed","ping_status":"closed","template":"Homepage.php","meta":{"footnotes":""},"class_list":["post-1806","page","type-page","status-publish","hentry"],"_links":{"self":[{"href":"https:\/\/www.antikekunst.org\/fr\/wp-json\/wp\/v2\/pages\/1806","targetHints":{"allow":["GET"]}}],"collection":[{"href":"https:\/\/www.antikekunst.org\/fr\/wp-json\/wp\/v2\/pages"}],"about":[{"href":"https:\/\/www.antikekunst.org\/fr\/wp-json\/wp\/v2\/types\/page"}],"author":[{"embeddable":true,"href":"https:\/\/www.antikekunst.org\/fr\/wp-json\/wp\/v2\/users\/1"}],"replies":[{"embeddable":true,"href":"https:\/\/www.antikekunst.org\/fr\/wp-json\/wp\/v2\/comments?post=1806"}],"version-history":[{"count":2,"href":"https:\/\/www.antikekunst.org\/fr\/wp-json\/wp\/v2\/pages\/1806\/revisions"}],"predecessor-version":[{"id":8690,"href":"https:\/\/www.antikekunst.org\/fr\/wp-json\/wp\/v2\/pages\/1806\/revisions\/8690"}],"wp:attachment":[{"href":"https:\/\/www.antikekunst.org\/fr\/wp-json\/wp\/v2\/media?parent=1806"}],"curies":[{"name":"wp","href":"https:\/\/api.w.org\/{rel}","templated":true}]}}