{"id":6252,"date":"2022-09-10T11:33:17","date_gmt":"2022-09-10T09:33:17","guid":{"rendered":"https:\/\/www.antikekunst.org\/?page_id=6252"},"modified":"2024-10-28T10:58:52","modified_gmt":"2024-10-28T09:58:52","slug":"etudes-et-travaux-archeologiques-genevois","status":"publish","type":"page","link":"https:\/\/www.antikekunst.org\/en\/publications\/excavation-reports\/etudes-et-travaux-archeologiques-genevois\/","title":{"rendered":"\u00c9tudes et travaux arch\u00e9ologiques genevois"},"content":{"rendered":"\n<h2 class=\"wp-block-heading\">The Antikythera Wreck Research Project (GR)<\/h2>\n\n\n\n<p>In 1900, a shipwreck with a cargo containing numerous works of art and luxury objects was discovered near the island of Antikythera. The finds included the famous astronomical mechanism of Antikythera, which has not to this day revealed all of its secrets. The shipwreck, excavated several times in the past, was again scientifically investigated between 2014 and 2019.<\/p>\n\n\n\n<p>A new project in collaboration with scientists from Greece, Switzerland and Italy is currently underway. Its goal is to bring together the available documentation and develop a new 3D model in an attempt to better understand the course of the ship\u2019s sinking.<\/p>\n\n\n\n<p><a href=\"https:\/\/www.esag.swiss\/fr\/underwater-research\/antikythera\/\" target=\"_blank\" rel=\"noreferrer noopener\">https:\/\/www.esag.swiss\/fr\/underwater-research\/antikythera\/<\/a><br><a href=\"http:\/\/antikythera.org.gr\/\" target=\"_blank\" rel=\"noreferrer noopener\">http:\/\/antikythera.org.gr\/<\/a><\/p>\n\n\n\n<div class=\"wp-block-group has-border-color has-accent-border-color is-layout-flow wp-block-group-is-layout-flow\" style=\"border-width:1px;margin-top:var(--wp--preset--spacing--20);margin-bottom:var(--wp--preset--spacing--30);padding-top:var(--wp--preset--spacing--20);padding-right:var(--wp--preset--spacing--20);padding-bottom:var(--wp--preset--spacing--20);padding-left:var(--wp--preset--spacing--20)\">\n<h3 class=\"wp-block-heading\"><a href=\"https:\/\/www.antikekunst.org\/publikationen\/die-grabungsberichte\/downloads\/\">Excavation reports (download pdf) \u279d<\/a><\/h3>\n\n\n\n<p class=\"has-small-font-size\">You can download the excavation reports free of charge. You will need to register and log in to our site.  If you need higher resolutions, please contact us: <a href=\"mailto:publisher@antikekunst.ch\">publisher@antikekunst.<\/a>.<\/p>\n<\/div>\n\n\n\n<p><\/p>\n\n\n\n<figure class=\"wp-block-gallery has-nested-images columns-2 is-cropped wp-block-gallery-1 is-layout-flex wp-block-gallery-is-layout-flex\">\n<figure class=\"wp-block-image size-large\"><a href=\"https:\/\/www.antikekunst.org\/wp-content\/uploads\/2022\/12\/06-1_Anticythere_carte-edited.jpg\"><img loading=\"lazy\" decoding=\"async\" width=\"1230\" height=\"1230\" data-id=\"7260\" src=\"https:\/\/www.antikekunst.org\/wp-content\/uploads\/2022\/12\/06-1_Anticythere_carte-edited.jpg\" alt=\"\" class=\"wp-image-7260\" srcset=\"https:\/\/www.antikekunst.org\/wp-content\/uploads\/2022\/12\/06-1_Anticythere_carte-edited.jpg 1230w, https:\/\/www.antikekunst.org\/wp-content\/uploads\/2022\/12\/06-1_Anticythere_carte-edited-300x300.jpg 300w, https:\/\/www.antikekunst.org\/wp-content\/uploads\/2022\/12\/06-1_Anticythere_carte-edited-900x900.jpg 900w, https:\/\/www.antikekunst.org\/wp-content\/uploads\/2022\/12\/06-1_Anticythere_carte-edited-200x200.jpg 200w, https:\/\/www.antikekunst.org\/wp-content\/uploads\/2022\/12\/06-1_Anticythere_carte-edited-1200x1200.jpg 1200w\" sizes=\"auto, (max-width: 1230px) 100vw, 1230px\" \/><\/a><\/figure>\n\n\n\n<figure class=\"wp-block-image size-large\"><a href=\"https:\/\/www.antikekunst.org\/wp-content\/uploads\/2022\/12\/06-2_Anticythere1-scaled.jpg\"><img loading=\"lazy\" decoding=\"async\" width=\"848\" height=\"900\" data-id=\"7156\" src=\"https:\/\/www.antikekunst.org\/wp-content\/uploads\/2022\/12\/06-2_Anticythere1-848x900.jpg\" alt=\"\" class=\"wp-image-7156\" srcset=\"https:\/\/www.antikekunst.org\/wp-content\/uploads\/2022\/12\/06-2_Anticythere1-848x900.jpg 848w, https:\/\/www.antikekunst.org\/wp-content\/uploads\/2022\/12\/06-2_Anticythere1-300x318.jpg 300w, https:\/\/www.antikekunst.org\/wp-content\/uploads\/2022\/12\/06-2_Anticythere1-189x200.jpg 189w, https:\/\/www.antikekunst.org\/wp-content\/uploads\/2022\/12\/06-2_Anticythere1-1448x1536.jpg 1448w, https:\/\/www.antikekunst.org\/wp-content\/uploads\/2022\/12\/06-2_Anticythere1-1931x2048.jpg 1931w, https:\/\/www.antikekunst.org\/wp-content\/uploads\/2022\/12\/06-2_Anticythere1-1200x1273.jpg 1200w\" sizes=\"auto, (max-width: 848px) 100vw, 848px\" \/><\/a><\/figure>\n\n\n\n<figure class=\"wp-block-image size-large\"><a href=\"https:\/\/www.antikekunst.org\/wp-content\/uploads\/2022\/12\/06-3_Anticythere2-scaled.jpg\"><img loading=\"lazy\" decoding=\"async\" width=\"690\" height=\"900\" data-id=\"7159\" src=\"https:\/\/www.antikekunst.org\/wp-content\/uploads\/2022\/12\/06-3_Anticythere2-690x900.jpg\" alt=\"\" class=\"wp-image-7159\" srcset=\"https:\/\/www.antikekunst.org\/wp-content\/uploads\/2022\/12\/06-3_Anticythere2-690x900.jpg 690w, https:\/\/www.antikekunst.org\/wp-content\/uploads\/2022\/12\/06-3_Anticythere2-284x370.jpg 284w, https:\/\/www.antikekunst.org\/wp-content\/uploads\/2022\/12\/06-3_Anticythere2-153x200.jpg 153w, https:\/\/www.antikekunst.org\/wp-content\/uploads\/2022\/12\/06-3_Anticythere2-1177x1536.jpg 1177w, https:\/\/www.antikekunst.org\/wp-content\/uploads\/2022\/12\/06-3_Anticythere2-1570x2048.jpg 1570w, https:\/\/www.antikekunst.org\/wp-content\/uploads\/2022\/12\/06-3_Anticythere2-1200x1566.jpg 1200w, https:\/\/www.antikekunst.org\/wp-content\/uploads\/2022\/12\/06-3_Anticythere2-scaled.jpg 1962w\" sizes=\"auto, (max-width: 690px) 100vw, 690px\" \/><\/a><\/figure>\n\n\n\n<figure class=\"wp-block-image size-large\"><a href=\"https:\/\/www.antikekunst.org\/wp-content\/uploads\/2022\/12\/06-4_Anticythere3.jpg\"><img loading=\"lazy\" decoding=\"async\" width=\"679\" height=\"900\" data-id=\"7162\" src=\"https:\/\/www.antikekunst.org\/wp-content\/uploads\/2022\/12\/06-4_Anticythere3-679x900.jpg\" alt=\"\" class=\"wp-image-7162\" srcset=\"https:\/\/www.antikekunst.org\/wp-content\/uploads\/2022\/12\/06-4_Anticythere3-679x900.jpg 679w, https:\/\/www.antikekunst.org\/wp-content\/uploads\/2022\/12\/06-4_Anticythere3-279x370.jpg 279w, https:\/\/www.antikekunst.org\/wp-content\/uploads\/2022\/12\/06-4_Anticythere3-151x200.jpg 151w, https:\/\/www.antikekunst.org\/wp-content\/uploads\/2022\/12\/06-4_Anticythere3-1160x1536.jpg 1160w, https:\/\/www.antikekunst.org\/wp-content\/uploads\/2022\/12\/06-4_Anticythere3-1546x2048.jpg 1546w, https:\/\/www.antikekunst.org\/wp-content\/uploads\/2022\/12\/06-4_Anticythere3-1200x1590.jpg 1200w, https:\/\/www.antikekunst.org\/wp-content\/uploads\/2022\/12\/06-4_Anticythere3.jpg 1919w\" sizes=\"auto, (max-width: 679px) 100vw, 679px\" \/><\/a><\/figure>\n<\/figure>\n\n\n\n<hr class=\"wp-block-separator has-alpha-channel-opacity is-style-wide\"\/>\n\n\n\n<h2 class=\"wp-block-heading\">Bay of Kiladha (Argolid), underwater survey and excavation <\/h2>\n\n\n\n<p>In the area of Franchthi Cave, the search for an Early Neolithic settlement, possibly one of Europe\u2019s earliest villages, will be resumed, using the results of the 2015 offshore piston coring and geoacoustic modeling activites. At Lambayanna beach, a few hundred meters to the north, the extent, both in time and space, of the submerged Early Bronze Age town will be further explored.<\/p>\n\n\n\n<p>Prospections \u00e0 Kiladha : <a href=\"http:\/\/www.unige.ch\/terrasubmersa\" target=\"_blank\" rel=\"noopener noreferrer\">www.unige.ch\/terrasubmersa<\/a><\/p>\n\n\n\n<div class=\"wp-block-group has-border-color has-accent-border-color is-layout-flow wp-block-group-is-layout-flow\" style=\"border-width:1px;margin-bottom:var(--wp--preset--spacing--20);padding-top:var(--wp--preset--spacing--20);padding-right:var(--wp--preset--spacing--20);padding-bottom:var(--wp--preset--spacing--20);padding-left:var(--wp--preset--spacing--20)\">\n<h3 class=\"wp-block-heading\"><a href=\"https:\/\/www.antikekunst.org\/publikationen\/die-grabungsberichte\/downloads\/\">Survey and excavation reports (download pdf) \u279d<\/a><\/h3>\n\n\n\n<p class=\"has-small-font-size\">You can download the excavation reports free of charge. You will need to register and log in to our site. If you need higher resolutions, please contact us: .<a href=\"mailto:publisher@antikekunst.ch\">publisher@antikekunst.ch<\/a>.<\/p>\n<\/div>\n\n\n\n<figure class=\"wp-block-gallery has-nested-images columns-3 is-cropped wp-block-gallery-2 is-layout-flex wp-block-gallery-is-layout-flex\">\n<figure class=\"wp-block-image size-large\"><a href=\"https:\/\/www.antikekunst.org\/wp-content\/uploads\/2016\/02\/Kiladha_map.png\"><img loading=\"lazy\" decoding=\"async\" width=\"1020\" height=\"725\" data-id=\"2004\" src=\"https:\/\/www.antikekunst.org\/wp-content\/uploads\/2016\/02\/Kiladha_map.png\" alt=\"\" class=\"wp-image-2004\" srcset=\"https:\/\/www.antikekunst.org\/wp-content\/uploads\/2016\/02\/Kiladha_map.png 1020w, https:\/\/www.antikekunst.org\/wp-content\/uploads\/2016\/02\/Kiladha_map-400x284.png 400w, https:\/\/www.antikekunst.org\/wp-content\/uploads\/2016\/02\/Kiladha_map-250x178.png 250w, https:\/\/www.antikekunst.org\/wp-content\/uploads\/2016\/02\/Kiladha_map-300x213.png 300w, https:\/\/www.antikekunst.org\/wp-content\/uploads\/2016\/02\/Kiladha_map-900x640.png 900w\" sizes=\"auto, (max-width: 1020px) 100vw, 1020px\" \/><\/a><\/figure>\n\n\n\n<figure class=\"wp-block-image size-large\"><a href=\"https:\/\/www.antikekunst.org\/wp-content\/uploads\/2016\/02\/Kiladha_platform.jpg\"><img loading=\"lazy\" decoding=\"async\" width=\"1500\" height=\"1125\" data-id=\"2007\" src=\"https:\/\/www.antikekunst.org\/wp-content\/uploads\/2016\/02\/Kiladha_platform.jpg\" alt=\"\" class=\"wp-image-2007\" srcset=\"https:\/\/www.antikekunst.org\/wp-content\/uploads\/2016\/02\/Kiladha_platform.jpg 1500w, https:\/\/www.antikekunst.org\/wp-content\/uploads\/2016\/02\/Kiladha_platform-400x300.jpg 400w, https:\/\/www.antikekunst.org\/wp-content\/uploads\/2016\/02\/Kiladha_platform-250x188.jpg 250w, https:\/\/www.antikekunst.org\/wp-content\/uploads\/2016\/02\/Kiladha_platform-300x225.jpg 300w, https:\/\/www.antikekunst.org\/wp-content\/uploads\/2016\/02\/Kiladha_platform-900x675.jpg 900w, https:\/\/www.antikekunst.org\/wp-content\/uploads\/2016\/02\/Kiladha_platform-1200x900.jpg 1200w\" sizes=\"auto, (max-width: 1500px) 100vw, 1500px\" \/><\/a><\/figure>\n\n\n\n<figure class=\"wp-block-image size-large\"><a href=\"https:\/\/www.antikekunst.org\/wp-content\/uploads\/2016\/02\/Kiladha2.jpg\"><img loading=\"lazy\" decoding=\"async\" width=\"1500\" height=\"1125\" data-id=\"2010\" src=\"https:\/\/www.antikekunst.org\/wp-content\/uploads\/2016\/02\/Kiladha2.jpg\" alt=\"\" class=\"wp-image-2010\" srcset=\"https:\/\/www.antikekunst.org\/wp-content\/uploads\/2016\/02\/Kiladha2.jpg 1500w, https:\/\/www.antikekunst.org\/wp-content\/uploads\/2016\/02\/Kiladha2-400x300.jpg 400w, https:\/\/www.antikekunst.org\/wp-content\/uploads\/2016\/02\/Kiladha2-250x188.jpg 250w, https:\/\/www.antikekunst.org\/wp-content\/uploads\/2016\/02\/Kiladha2-300x225.jpg 300w, https:\/\/www.antikekunst.org\/wp-content\/uploads\/2016\/02\/Kiladha2-900x675.jpg 900w, https:\/\/www.antikekunst.org\/wp-content\/uploads\/2016\/02\/Kiladha2-1200x900.jpg 1200w\" sizes=\"auto, (max-width: 1500px) 100vw, 1500px\" \/><\/a><\/figure>\n\n\n\n<figure class=\"wp-block-image size-large\"><a href=\"https:\/\/www.antikekunst.org\/wp-content\/uploads\/2016\/02\/Kiladha.jpg\"><img loading=\"lazy\" decoding=\"async\" width=\"750\" height=\"1000\" data-id=\"2001\" src=\"https:\/\/www.antikekunst.org\/wp-content\/uploads\/2016\/02\/Kiladha.jpg\" alt=\"\" class=\"wp-image-2001\" srcset=\"https:\/\/www.antikekunst.org\/wp-content\/uploads\/2016\/02\/Kiladha.jpg 750w, https:\/\/www.antikekunst.org\/wp-content\/uploads\/2016\/02\/Kiladha-400x533.jpg 400w, https:\/\/www.antikekunst.org\/wp-content\/uploads\/2016\/02\/Kiladha-150x200.jpg 150w, https:\/\/www.antikekunst.org\/wp-content\/uploads\/2016\/02\/Kiladha-278x370.jpg 278w, https:\/\/www.antikekunst.org\/wp-content\/uploads\/2016\/02\/Kiladha-675x900.jpg 675w\" sizes=\"auto, (max-width: 750px) 100vw, 750px\" \/><\/a><\/figure>\n\n\n\n<figure class=\"wp-block-image size-large\"><a href=\"https:\/\/www.antikekunst.org\/wp-content\/uploads\/2016\/02\/Kiladha3.jpg\"><img loading=\"lazy\" decoding=\"async\" width=\"750\" height=\"1000\" data-id=\"2013\" src=\"https:\/\/www.antikekunst.org\/wp-content\/uploads\/2016\/02\/Kiladha3.jpg\" alt=\"\" class=\"wp-image-2013\" srcset=\"https:\/\/www.antikekunst.org\/wp-content\/uploads\/2016\/02\/Kiladha3.jpg 750w, https:\/\/www.antikekunst.org\/wp-content\/uploads\/2016\/02\/Kiladha3-400x533.jpg 400w, https:\/\/www.antikekunst.org\/wp-content\/uploads\/2016\/02\/Kiladha3-150x200.jpg 150w, https:\/\/www.antikekunst.org\/wp-content\/uploads\/2016\/02\/Kiladha3-278x370.jpg 278w, https:\/\/www.antikekunst.org\/wp-content\/uploads\/2016\/02\/Kiladha3-675x900.jpg 675w\" sizes=\"auto, (max-width: 750px) 100vw, 750px\" \/><\/a><\/figure>\n<\/figure>\n\n\n\n<hr class=\"wp-block-separator has-alpha-channel-opacity is-style-wide\"\/>\n\n\n\n<div class=\"wp-block-group is-layout-flow wp-block-group-is-layout-flow\">\n<h2 class=\"wp-block-heading\">Lilibeo (Sicily, IT)<\/h2>\n\n\n\n<div class=\"wp-block-group has-border-color has-accent-border-color is-layout-flow wp-block-group-is-layout-flow\" style=\"border-width:1px;margin-top:var(--wp--preset--spacing--20);margin-bottom:var(--wp--preset--spacing--30);padding-top:var(--wp--preset--spacing--20);padding-right:var(--wp--preset--spacing--20);padding-bottom:var(--wp--preset--spacing--20);padding-left:var(--wp--preset--spacing--20)\">\n<h3 class=\"wp-block-heading\"><a href=\"https:\/\/www.antikekunst.org\/publikationen\/die-grabungsberichte\/downloads\/\">Excavation reports (download pdf) \u279d<\/a><\/h3>\n\n\n\n<p class=\"has-small-font-size\">You can download the excavation reports free of charge. You will need to register and log in to our site.  If you need higher resolutions, please contact us: <a href=\"mailto:publisher@antikekunst.ch\">publisher@antikekunst.<\/a>.<\/p>\n<\/div>\n<\/div>\n\n\n\n<div class=\"wp-block-group is-layout-flow wp-block-group-is-layout-flow\">\n<hr class=\"wp-block-separator has-alpha-channel-opacity is-style-wide\"\/>\n\n\n\n<h2 class=\"wp-block-heading\">Kroton \/ Cerenzia (IT)<\/h2>\n\n\n\n<div class=\"wp-block-group has-border-color has-accent-border-color is-layout-flow wp-block-group-is-layout-flow\" style=\"border-width:1px;margin-bottom:var(--wp--preset--spacing--30);padding-top:var(--wp--preset--spacing--20);padding-right:var(--wp--preset--spacing--20);padding-bottom:var(--wp--preset--spacing--20);padding-left:var(--wp--preset--spacing--20)\">\n<h3 class=\"wp-block-heading\"><a href=\"https:\/\/www.antikekunst.org\/publikationen\/die-grabungsberichte\/downloads\/\">\u00c9tudes et travaux arch\u00e9ologiques Gen\u00e8vois en Calabre  (download pdf) \u279d<\/a><\/h3>\n\n\n\n<p class=\"has-small-font-size\">You can download the excavation reports free of charge. You will need to register and log in to our site. If you need higher resolutions, please contact us: publisher@antikekunst..<a href=\"mailto:publisher@antikekunst.ch\">publisher@antikekunst.ch<\/a>.<\/p>\n<\/div>\n\n\n\n<figure class=\"wp-block-gallery has-nested-images columns-2 is-cropped wp-block-gallery-3 is-layout-flex wp-block-gallery-is-layout-flex\">\n<figure class=\"wp-block-image size-large\"><a href=\"https:\/\/www.antikekunst.org\/wp-content\/uploads\/2016\/05\/Kroton1.jpg\"><img loading=\"lazy\" decoding=\"async\" width=\"1500\" height=\"1000\" data-id=\"2194\" src=\"https:\/\/www.antikekunst.org\/wp-content\/uploads\/2016\/05\/Kroton1.jpg\" alt=\"\" class=\"wp-image-2194\" srcset=\"https:\/\/www.antikekunst.org\/wp-content\/uploads\/2016\/05\/Kroton1.jpg 1500w, https:\/\/www.antikekunst.org\/wp-content\/uploads\/2016\/05\/Kroton1-400x267.jpg 400w, https:\/\/www.antikekunst.org\/wp-content\/uploads\/2016\/05\/Kroton1-250x167.jpg 250w, https:\/\/www.antikekunst.org\/wp-content\/uploads\/2016\/05\/Kroton1-300x200.jpg 300w, https:\/\/www.antikekunst.org\/wp-content\/uploads\/2016\/05\/Kroton1-900x600.jpg 900w, https:\/\/www.antikekunst.org\/wp-content\/uploads\/2016\/05\/Kroton1-1200x800.jpg 1200w\" sizes=\"auto, (max-width: 1500px) 100vw, 1500px\" \/><\/a><\/figure>\n\n\n\n<figure class=\"wp-block-image size-large\"><a href=\"https:\/\/www.antikekunst.org\/wp-content\/uploads\/2016\/05\/Kroton2.jpg\"><img loading=\"lazy\" decoding=\"async\" width=\"1500\" height=\"1125\" data-id=\"2197\" src=\"https:\/\/www.antikekunst.org\/wp-content\/uploads\/2016\/05\/Kroton2.jpg\" alt=\"\" class=\"wp-image-2197\" srcset=\"https:\/\/www.antikekunst.org\/wp-content\/uploads\/2016\/05\/Kroton2.jpg 1500w, https:\/\/www.antikekunst.org\/wp-content\/uploads\/2016\/05\/Kroton2-400x300.jpg 400w, https:\/\/www.antikekunst.org\/wp-content\/uploads\/2016\/05\/Kroton2-250x188.jpg 250w, https:\/\/www.antikekunst.org\/wp-content\/uploads\/2016\/05\/Kroton2-300x225.jpg 300w, https:\/\/www.antikekunst.org\/wp-content\/uploads\/2016\/05\/Kroton2-900x675.jpg 900w, https:\/\/www.antikekunst.org\/wp-content\/uploads\/2016\/05\/Kroton2-1200x900.jpg 1200w\" sizes=\"auto, (max-width: 1500px) 100vw, 1500px\" \/><\/a><\/figure>\n\n\n\n<figure class=\"wp-block-image size-large\"><a href=\"https:\/\/www.antikekunst.org\/wp-content\/uploads\/2016\/05\/Kroton-VignaNova.jpg\"><img loading=\"lazy\" decoding=\"async\" width=\"700\" height=\"472\" data-id=\"2200\" src=\"https:\/\/www.antikekunst.org\/wp-content\/uploads\/2016\/05\/Kroton-VignaNova.jpg\" alt=\"\" class=\"wp-image-2200\" srcset=\"https:\/\/www.antikekunst.org\/wp-content\/uploads\/2016\/05\/Kroton-VignaNova.jpg 700w, https:\/\/www.antikekunst.org\/wp-content\/uploads\/2016\/05\/Kroton-VignaNova-400x270.jpg 400w, https:\/\/www.antikekunst.org\/wp-content\/uploads\/2016\/05\/Kroton-VignaNova-250x169.jpg 250w, https:\/\/www.antikekunst.org\/wp-content\/uploads\/2016\/05\/Kroton-VignaNova-300x202.jpg 300w\" sizes=\"auto, (max-width: 700px) 100vw, 700px\" \/><\/a><\/figure>\n\n\n\n<figure class=\"wp-block-image size-large\"><a href=\"https:\/\/www.antikekunst.org\/wp-content\/uploads\/2016\/05\/Kroton-VignaNova2.jpg\"><img loading=\"lazy\" decoding=\"async\" width=\"416\" height=\"584\" data-id=\"2203\" src=\"https:\/\/www.antikekunst.org\/wp-content\/uploads\/2016\/05\/Kroton-VignaNova2.jpg\" alt=\"\" class=\"wp-image-2203\" srcset=\"https:\/\/www.antikekunst.org\/wp-content\/uploads\/2016\/05\/Kroton-VignaNova2.jpg 416w, https:\/\/www.antikekunst.org\/wp-content\/uploads\/2016\/05\/Kroton-VignaNova2-400x562.jpg 400w, https:\/\/www.antikekunst.org\/wp-content\/uploads\/2016\/05\/Kroton-VignaNova2-142x200.jpg 142w, https:\/\/www.antikekunst.org\/wp-content\/uploads\/2016\/05\/Kroton-VignaNova2-264x370.jpg 264w\" sizes=\"auto, (max-width: 416px) 100vw, 416px\" \/><\/a><\/figure>\n<\/figure>\n<\/div>\n","protected":false},"excerpt":{"rendered":"<p>The Antikythera Wreck Research Project (GR) In 1900, a shipwreck with a cargo containing numerous works of art and luxury objects was discovered near the island of Antikythera. The finds included the famous astronomical mechanism of Antikythera, which has not to this day revealed all of its secrets. The shipwreck, excavated several times in the &hellip; <a href=\"https:\/\/www.antikekunst.org\/en\/publications\/excavation-reports\/etudes-et-travaux-archeologiques-genevois\/\" class=\"more-link\">Continue reading<span class=\"screen-reader-text\"> &#8220;\u00c9tudes et travaux arch\u00e9ologiques genevois&#8221;<\/span><\/a><\/p>\n","protected":false},"author":1,"featured_media":2192,"parent":562,"menu_order":0,"comment_status":"closed","ping_status":"closed","template":"","meta":{"footnotes":""},"class_list":["post-6252","page","type-page","status-publish","has-post-thumbnail","hentry"],"_links":{"self":[{"href":"https:\/\/www.antikekunst.org\/en\/wp-json\/wp\/v2\/pages\/6252","targetHints":{"allow":["GET"]}}],"collection":[{"href":"https:\/\/www.antikekunst.org\/en\/wp-json\/wp\/v2\/pages"}],"about":[{"href":"https:\/\/www.antikekunst.org\/en\/wp-json\/wp\/v2\/types\/page"}],"author":[{"embeddable":true,"href":"https:\/\/www.antikekunst.org\/en\/wp-json\/wp\/v2\/users\/1"}],"replies":[{"embeddable":true,"href":"https:\/\/www.antikekunst.org\/en\/wp-json\/wp\/v2\/comments?post=6252"}],"version-history":[{"count":0,"href":"https:\/\/www.antikekunst.org\/en\/wp-json\/wp\/v2\/pages\/6252\/revisions"}],"up":[{"embeddable":true,"href":"https:\/\/www.antikekunst.org\/en\/wp-json\/wp\/v2\/pages\/562"}],"wp:featuredmedia":[{"embeddable":true,"href":"https:\/\/www.antikekunst.org\/en\/wp-json\/wp\/v2\/media\/2192"}],"wp:attachment":[{"href":"https:\/\/www.antikekunst.org\/en\/wp-json\/wp\/v2\/media?parent=6252"}],"curies":[{"name":"wp","href":"https:\/\/api.w.org\/{rel}","templated":true}]}}