{"id":466,"date":"2016-02-15T18:15:26","date_gmt":"2016-02-15T17:15:26","guid":{"rendered":"http:\/\/www.antikekunst.org\/wp\/?page_id=466&#038;lang=en"},"modified":"2024-10-25T13:10:12","modified_gmt":"2024-10-25T11:10:12","slug":"regional-group-of-zurich","status":"publish","type":"page","link":"https:\/\/www.antikekunst.org\/en\/the-association\/sektionen\/regional-group-of-zurich\/","title":{"rendered":"Regional Group of Zurich"},"content":{"rendered":"<p>The Regional Group of Zurich, together with the Archaeological Insitute of the University, organises lectures for professional archaeologists as well as amateurs. They are normally held in the lecture hall of the Archaeological Institute on Mondays at 6.15 p.m.<\/p>\n<p>Head of the Institute and the Regional Group:<br \/>\n<strong>Prof. Dr. Corinna Reinhardt<\/strong><br \/>\nInstitut f\u00fcr Arch\u00e4ologie<br \/>\nFachbereich Klassische Arch\u00e4ologie<br \/>\nUniversit\u00e4t Z\u00fcrich<br \/>\nR\u00e4mistrasse 73<br \/>\n8006 Z\u00fcrich<br \/>\nTel. +41 1 634 28 11<br \/>\nFax. +41 1 634 49 02<\/p>\n<hr \/>\n<p>The Archaeological Collection forms part of the Archaeological Institute. It conserves original works of art as well as plaster casts. Free admittance.<\/p>\n<p>Arch\u00e4ologische Sammlung der Universit\u00e4t Z\u00fcrich<br \/>\nMartin B\u00fcrge, Kurator Arch\u00e4ologische Sammlung<br \/>\nR\u00e4mistrasse 73<br \/>\nCH-8006 Z\u00fcrich<\/p>\n<p>Tel. +41 (0)44 634 28 20<br \/>\nE-mail: <a href=\"mailto:martin.buerge@archinst.uzh.ch\" target=\"_blank\" rel=\"noopener\">martin.buerge@archinst.uzh.ch<\/a><\/p>\n<p>Opening hours:<br \/>\nTuesday till Friday from 1 to 6 p.m.<br \/>\nSaturday and Sunday from 11 a.m. to 5 p.m.<br \/>\nFree admittance<br \/>\n<a href=\"http:\/\/www.archinst.uzh.ch\" target=\"_blank\" rel=\"noopener\">www.archinst.uzh.ch<\/a><\/p>\n<p>The library of the Archaeological Institute is accessible to the general public for in-house consultation. External readers should address themselves to the secretary or the library assistant.<\/p>\n<p>A list of the publications of the Archaeological Institute is provided upon request. They are also available at the Museum entrance.<\/p>\n","protected":false},"excerpt":{"rendered":"<p>The Regional Group of Zurich, together with the Archaeological Insitute of the University, organises lectures for professional archaeologists as well as amateurs. They are normally held in the lecture hall of the Archaeological Institute on Mondays at 6.15 p.m. Head of the Institute and the Regional Group: Prof. Dr. Corinna Reinhardt Institut f\u00fcr Arch\u00e4ologie Fachbereich &hellip; <a href=\"https:\/\/www.antikekunst.org\/en\/the-association\/sektionen\/regional-group-of-zurich\/\" class=\"more-link\">Continue reading<span class=\"screen-reader-text\"> &#8220;Regional Group of Zurich&#8221;<\/span><\/a><\/p>\n","protected":false},"author":1,"featured_media":1868,"parent":1406,"menu_order":0,"comment_status":"closed","ping_status":"closed","template":"","meta":{"footnotes":""},"class_list":["post-466","page","type-page","status-publish","has-post-thumbnail","hentry"],"_links":{"self":[{"href":"https:\/\/www.antikekunst.org\/en\/wp-json\/wp\/v2\/pages\/466","targetHints":{"allow":["GET"]}}],"collection":[{"href":"https:\/\/www.antikekunst.org\/en\/wp-json\/wp\/v2\/pages"}],"about":[{"href":"https:\/\/www.antikekunst.org\/en\/wp-json\/wp\/v2\/types\/page"}],"author":[{"embeddable":true,"href":"https:\/\/www.antikekunst.org\/en\/wp-json\/wp\/v2\/users\/1"}],"replies":[{"embeddable":true,"href":"https:\/\/www.antikekunst.org\/en\/wp-json\/wp\/v2\/comments?post=466"}],"version-history":[{"count":0,"href":"https:\/\/www.antikekunst.org\/en\/wp-json\/wp\/v2\/pages\/466\/revisions"}],"up":[{"embeddable":true,"href":"https:\/\/www.antikekunst.org\/en\/wp-json\/wp\/v2\/pages\/1406"}],"wp:featuredmedia":[{"embeddable":true,"href":"https:\/\/www.antikekunst.org\/en\/wp-json\/wp\/v2\/media\/1868"}],"wp:attachment":[{"href":"https:\/\/www.antikekunst.org\/en\/wp-json\/wp\/v2\/media?parent=466"}],"curies":[{"name":"wp","href":"https:\/\/api.w.org\/{rel}","templated":true}]}}