{"id":2598,"date":"2016-02-11T11:54:21","date_gmt":"2016-02-11T10:54:21","guid":{"rendered":"http:\/\/www.antikekunst.org\/publications\/the-journal\/im-naechsten-heft\/?lang=en"},"modified":"2025-11-24T12:04:44","modified_gmt":"2025-11-24T11:04:44","slug":"im-naechsten-heft","status":"publish","type":"page","link":"https:\/\/www.antikekunst.org\/en\/publications\/the-journal\/im-naechsten-heft\/","title":{"rendered":"In the next issue"},"content":{"rendered":"\n<h3 class=\"wp-block-heading\">Volume 69, 2026 will appear in September 2026<\/h3>\n\n\n\n<figure class=\"wp-block-table\"><table><tbody><tr><td><strong>Author<\/strong><\/td><td><strong>Title<\/strong><\/td><\/tr><tr><td>HENNER VON HESBERG \u2013 EDUARD SHEHI<\/td><td>FRAGMENTE T\u00d6NERNER DACHRANDVERKLEIDUNGEN AUS EPIDAMNOS<\/td><\/tr><tr><td>MEHMET KA\u015eKA<\/td><td>DER SADBERK HANIM-MALER.&nbsp;<br>Ein b\u00f6otischer Zeichner<\/td><\/tr><tr><td>IOANNIS MITSIOS<\/td><td>RE-EXAMINING A WHITE-GROUND LEKYTHOS BY THE ERETRIA PAINTER:&nbsp;Kephalos and Herse in an Autochthonous Context<\/td><\/tr><tr><td>CHEYENNE PEVERELLI&nbsp;<\/td><td>NEW INSIGHTS ON AN OLD FIND:&nbsp;A Cypro-classical Rhyton form Palaepaphos-Evreti<\/td><\/tr><tr><td>WILLIAM PEDRICK<\/td><td>THE MORGANTINA&nbsp;<em>ANASYROMENOS<\/em>&nbsp;IN CONTEXT:&nbsp;An Iconographic Study<\/td><\/tr><tr><td>ABIGAIL ALLAN<\/td><td>\u201cUN GRAND VASE DIPINTO\u201d: The Dissemination of Archaeological Images on a Neapolitan Grand Tour Souvenir from the Mid Nineteenth Century<\/td><\/tr><tr><td><\/td><td><\/td><\/tr><tr><td>Berichte der Schweizer Grabungen in ITALIEN und auf SIZILIEN<\/td><\/tr><tr><td>Berichte der Schweizer Grabungen in GRIECHENLAND und im \u00d6STLICHEN MITTELMEERRAUM<\/td><\/tr><tr><td><\/td><\/tr><\/tbody><\/table><\/figure>\n","protected":false},"excerpt":{"rendered":"<p>Volume 69, 2026 will appear in September 2026 Author Title HENNER VON HESBERG \u2013 EDUARD SHEHI FRAGMENTE T\u00d6NERNER DACHRANDVERKLEIDUNGEN AUS EPIDAMNOS MEHMET KA\u015eKA DER SADBERK HANIM-MALER.&nbsp;Ein b\u00f6otischer Zeichner IOANNIS MITSIOS RE-EXAMINING A WHITE-GROUND LEKYTHOS BY THE ERETRIA PAINTER:&nbsp;Kephalos and Herse in an Autochthonous Context CHEYENNE PEVERELLI&nbsp; NEW INSIGHTS ON AN OLD FIND:&nbsp;A Cypro-classical Rhyton form &hellip; <a href=\"https:\/\/www.antikekunst.org\/en\/publications\/the-journal\/im-naechsten-heft\/\" class=\"more-link\">Continue reading<span class=\"screen-reader-text\"> &#8220;In the next issue&#8221;<\/span><\/a><\/p>\n","protected":false},"author":1,"featured_media":1382,"parent":567,"menu_order":0,"comment_status":"closed","ping_status":"closed","template":"","meta":{"footnotes":""},"class_list":["post-2598","page","type-page","status-publish","has-post-thumbnail","hentry"],"_links":{"self":[{"href":"https:\/\/www.antikekunst.org\/en\/wp-json\/wp\/v2\/pages\/2598","targetHints":{"allow":["GET"]}}],"collection":[{"href":"https:\/\/www.antikekunst.org\/en\/wp-json\/wp\/v2\/pages"}],"about":[{"href":"https:\/\/www.antikekunst.org\/en\/wp-json\/wp\/v2\/types\/page"}],"author":[{"embeddable":true,"href":"https:\/\/www.antikekunst.org\/en\/wp-json\/wp\/v2\/users\/1"}],"replies":[{"embeddable":true,"href":"https:\/\/www.antikekunst.org\/en\/wp-json\/wp\/v2\/comments?post=2598"}],"version-history":[{"count":3,"href":"https:\/\/www.antikekunst.org\/en\/wp-json\/wp\/v2\/pages\/2598\/revisions"}],"predecessor-version":[{"id":9029,"href":"https:\/\/www.antikekunst.org\/en\/wp-json\/wp\/v2\/pages\/2598\/revisions\/9029"}],"up":[{"embeddable":true,"href":"https:\/\/www.antikekunst.org\/en\/wp-json\/wp\/v2\/pages\/567"}],"wp:featuredmedia":[{"embeddable":true,"href":"https:\/\/www.antikekunst.org\/en\/wp-json\/wp\/v2\/media\/1382"}],"wp:attachment":[{"href":"https:\/\/www.antikekunst.org\/en\/wp-json\/wp\/v2\/media?parent=2598"}],"curies":[{"name":"wp","href":"https:\/\/api.w.org\/{rel}","templated":true}]}}